{"id":591,"date":"2020-05-19T21:44:30","date_gmt":"2020-05-19T21:44:30","guid":{"rendered":"http:\/\/servivillas.com\/?page_id=591"},"modified":"2026-02-01T17:53:13","modified_gmt":"2026-02-01T17:53:13","slug":"ozonizacion","status":"publish","type":"page","link":"https:\/\/servivillas.com\/?page_id=591","title":{"rendered":"Ozonizaci\u00f3n"},"content":{"rendered":"<div class=\"wp-block-image is-style-rounded\">\n<figure class=\"aligncenter size-full\"><img fetchpriority=\"high\" decoding=\"async\" width=\"225\" height=\"225\" src=\"https:\/\/servivillas.com\/wp-content\/uploads\/2021\/10\/Ozo-5.jpg\" alt=\"\" class=\"wp-image-826\" srcset=\"https:\/\/servivillas.com\/wp-content\/uploads\/2021\/10\/Ozo-5.jpg 225w, https:\/\/servivillas.com\/wp-content\/uploads\/2021\/10\/Ozo-5-150x150.jpg 150w\" sizes=\"(max-width: 225px) 100vw, 225px\" \/><\/figure>\n<\/div>\n\n\n<div class=\"wp-block-group\"><div class=\"wp-block-group__inner-container is-layout-constrained wp-block-group-is-layout-constrained\">\n<h2 class=\"wp-block-heading has-text-align-center\">\u00bfHas pensado que en el veh\u00edculo t\u00fa y tu familia corren el riesgo de contraer virus, g\u00e9rmenes, bacterias, etc.?<\/h2>\n<\/div><\/div>\n\n\n\n<p>La rutina de asear tu veh\u00edculo es primordial y si a ella le a\u00f1ades una ozonizaci\u00f3n, la protecci\u00f3n frente a la contaminaci\u00f3n es a\u00fan mayor.<\/p>\n\n\n<div class=\"wp-block-image\">\n<figure class=\"aligncenter size-full is-resized\"><img decoding=\"async\" width=\"380\" height=\"209\" src=\"https:\/\/servivillas.com\/wp-content\/uploads\/2025\/10\/Ozo-33.jpg\" alt=\"\" class=\"wp-image-1266\" style=\"width:193px;height:auto\" srcset=\"https:\/\/servivillas.com\/wp-content\/uploads\/2025\/10\/Ozo-33.jpg 380w, https:\/\/servivillas.com\/wp-content\/uploads\/2025\/10\/Ozo-33-300x165.jpg 300w\" sizes=\"(max-width: 380px) 100vw, 380px\" \/><figcaption class=\"wp-element-caption\"><strong><em>\u00bfQu\u00e9 es el ozono y por qu\u00e9 es altamente recomendable?<\/em><\/strong><\/figcaption><\/figure>\n<\/div>\n\n\n<p>El ozono es un poderoso desinfectante que sirve en tu veh\u00edculo para eliminar bacterias, virus, hongos y malos olores del interior. Su aplicaci\u00f3n es r\u00e1pida, ecol\u00f3gica y no deja residuos.<\/p>\n\n\n\n<p>Muy \u00fatil para quitar los olores desagradables por residuos de productos (l\u00e1cteos, carnes, etc.) y otros provenientes de sus mascotas. <\/p>\n\n\n\n<p>El ozono (O\u2083) es un gas compuesto por tres \u00e1tomos de ox\u00edgeno, altamente reactivo.<\/p>\n\n\n\n<ul class=\"wp-block-list\">\n<li>Tiene propiedades oxidantes que destruyen microorganismos al romper sus membranas celulares.<\/li>\n\n\n\n<li>En tu veh\u00edculo sirve para desinfectar el habit\u00e1culo, el sistema de climatizaci\u00f3n y eliminar olores persistentes como tabaco, humedad o comida.<\/li>\n<\/ul>\n\n\n<div class=\"wp-block-image\">\n<figure class=\"aligncenter size-full is-resized\"><img decoding=\"async\" width=\"342\" height=\"209\" src=\"https:\/\/servivillas.com\/wp-content\/uploads\/2025\/10\/Generador-dual-2.png\" alt=\"\" class=\"wp-image-1269\" style=\"width:190px;height:auto\" srcset=\"https:\/\/servivillas.com\/wp-content\/uploads\/2025\/10\/Generador-dual-2.png 342w, https:\/\/servivillas.com\/wp-content\/uploads\/2025\/10\/Generador-dual-2-300x183.png 300w\" sizes=\"(max-width: 342px) 100vw, 342px\" \/><figcaption class=\"wp-element-caption\"><strong><em>\u00bfC\u00f3mo lo aplicamos?<\/em><\/strong><\/figcaption><\/figure>\n<\/div>\n\n\n<p>Empleamos un generador de ozono, que convierte el ox\u00edgeno del aire en ozono mediante una descarga el\u00e9ctrica.<\/p>\n\n\n\n<ul class=\"wp-block-list\">\n<li>Cerramos tu veh\u00edculo y activamos el generador durante unos 15 a 30 minutos, dependiendo del tama\u00f1o del veh\u00edculo.<\/li>\n\n\n\n<li>Luego ventilamos el interior para eliminar el exceso de ozono.<\/li>\n<\/ul>\n\n\n\n<p class=\"has-text-align-center\"><strong><em>Beneficios de desinfectar tu veh\u00edculo con ozono<\/em><\/strong><\/p>\n\n\n\n<ul class=\"wp-block-list\">\n<li>&#8211; Elimina virus, bacterias y hongos sin necesidad de productos qu\u00edmicos.<\/li>\n\n\n\n<li>&#8211; Neutraliza olores sin enmascararlos.<\/li>\n\n\n\n<li>&#8211; Es ecol\u00f3gico, ya que el ozono se descompone naturalmente en ox\u00edgeno.<\/li>\n<\/ul>\n\n\n<div class=\"wp-block-image\">\n<figure class=\"aligncenter size-full is-resized\"><img loading=\"lazy\" decoding=\"async\" width=\"204\" height=\"204\" src=\"https:\/\/servivillas.com\/wp-content\/uploads\/2025\/10\/O3.jpg\" alt=\"\" class=\"wp-image-1271\" style=\"width:168px;height:auto\" srcset=\"https:\/\/servivillas.com\/wp-content\/uploads\/2025\/10\/O3.jpg 204w, https:\/\/servivillas.com\/wp-content\/uploads\/2025\/10\/O3-150x150.jpg 150w\" sizes=\"(max-width: 204px) 100vw, 204px\" \/><\/figure>\n<\/div>\n\n\n<blockquote class=\"wp-block-quote is-layout-flow wp-block-quote-is-layout-flow\">\n<h2 class=\"wp-block-heading has-text-align-center\">Ven ya, perm\u00edtenos atenderte!<\/h2>\n<\/blockquote>\n\n\n\n<p><\/p>\n","protected":false},"excerpt":{"rendered":"<p>\u00bfHas pensado que en el veh\u00edculo t\u00fa y tu familia corren el riesgo de contraer virus, g\u00e9rmenes, bacterias, etc.? La rutina de asear tu veh\u00edculo es primordial y si a ella le a\u00f1ades una ozonizaci\u00f3n, la protecci\u00f3n frente a la contaminaci\u00f3n es a\u00fan mayor. El ozono es un poderoso desinfectante que sirve en tu veh\u00edculo<span class=\"read-more-faq\"><a href=\"https:\/\/servivillas.com\/?page_id=591\">Read More<\/a><\/span><\/p>\n","protected":false},"author":2,"featured_media":0,"parent":1058,"menu_order":50,"comment_status":"closed","ping_status":"closed","template":"","meta":{"episode_type":"","audio_file":"","podmotor_file_id":"","podmotor_episode_id":"","cover_image":"","cover_image_id":"","duration":"","filesize":"","filesize_raw":"","date_recorded":"","explicit":"","block":"","itunes_episode_number":"","itunes_title":"","itunes_season_number":"","itunes_episode_type":"","footnotes":""},"class_list":["post-591","page","type-page","status-publish","hentry"],"_links":{"self":[{"href":"https:\/\/servivillas.com\/index.php?rest_route=\/wp\/v2\/pages\/591","targetHints":{"allow":["GET"]}}],"collection":[{"href":"https:\/\/servivillas.com\/index.php?rest_route=\/wp\/v2\/pages"}],"about":[{"href":"https:\/\/servivillas.com\/index.php?rest_route=\/wp\/v2\/types\/page"}],"author":[{"embeddable":true,"href":"https:\/\/servivillas.com\/index.php?rest_route=\/wp\/v2\/users\/2"}],"replies":[{"embeddable":true,"href":"https:\/\/servivillas.com\/index.php?rest_route=%2Fwp%2Fv2%2Fcomments&post=591"}],"version-history":[{"count":8,"href":"https:\/\/servivillas.com\/index.php?rest_route=\/wp\/v2\/pages\/591\/revisions"}],"predecessor-version":[{"id":1275,"href":"https:\/\/servivillas.com\/index.php?rest_route=\/wp\/v2\/pages\/591\/revisions\/1275"}],"up":[{"embeddable":true,"href":"https:\/\/servivillas.com\/index.php?rest_route=\/wp\/v2\/pages\/1058"}],"wp:attachment":[{"href":"https:\/\/servivillas.com\/index.php?rest_route=%2Fwp%2Fv2%2Fmedia&parent=591"}],"curies":[{"name":"wp","href":"https:\/\/api.w.org\/{rel}","templated":true}]}}