{"id":1355,"date":"2026-02-03T22:53:22","date_gmt":"2026-02-03T22:53:22","guid":{"rendered":"https:\/\/servivillas.com\/?page_id=1355"},"modified":"2026-02-03T22:53:23","modified_gmt":"2026-02-03T22:53:23","slug":"video-presentacion","status":"publish","type":"page","link":"https:\/\/servivillas.com\/?page_id=1355","title":{"rendered":"Video presentaci\u00f3n"},"content":{"rendered":"\n<figure class=\"wp-block-video\"><video height=\"1080\" style=\"aspect-ratio: 1920 \/ 1080;\" width=\"1920\" controls src=\"https:\/\/servivillas.com\/wp-content\/uploads\/2026\/02\/VIDEO.mp4\"><\/video><\/figure>\n\n\n\n<h2 class=\"wp-block-heading has-text-align-center\"><strong><mark style=\"background-color:rgba(0, 0, 0, 0)\" class=\"has-inline-color has-vivid-red-color\">Hechos en excelente material (l\u00e1mina calibre 18 y 20)<\/mark>.<\/strong><\/h2>\n\n\n\n<h2 class=\"wp-block-heading has-text-align-center\"> <strong><mark style=\"background-color:rgba(0, 0, 0, 0)\" class=\"has-inline-color has-vivid-red-color\">En buen estado de funcionamiento<\/mark><\/strong><\/h2>\n\n\n\n<h1 class=\"wp-block-heading has-text-align-center\"><strong><em>Venta directa<\/em><\/strong><\/h1>\n\n\n\n<h2 class=\"wp-block-heading has-text-align-center\"><strong><em>Vis\u00edtanos en la avenida Boyac\u00e1, de sur a norte, 40 metros antes de la calle 134\u00a0&#8211;\u00a0Bogot\u00e1<\/em><\/strong><\/h2>\n\n\n\n<blockquote class=\"wp-block-quote is-layout-flow wp-block-quote-is-layout-flow\">\n<blockquote class=\"wp-block-quote is-layout-flow wp-block-quote-is-layout-flow\">\n<h2 class=\"wp-block-heading has-text-align-center\"><strong><mark style=\"background-color:rgba(0, 0, 0, 0)\" class=\"has-inline-color has-vivid-green-cyan-color\">Equipa tu cocina con calidad inigualable y sin pagar de mas!<\/mark><\/strong><\/h2>\n<\/blockquote>\n<\/blockquote>\n\n\n\n<p><\/p>\n\n\n\n<p><strong>E<\/strong><\/p>\n","protected":false},"excerpt":{"rendered":"<p>Hechos en excelente material (l\u00e1mina calibre 18 y 20). En buen estado de funcionamiento Venta directa Vis\u00edtanos en la avenida Boyac\u00e1, de sur a norte, 40 metros antes de la calle 134\u00a0&#8211;\u00a0Bogot\u00e1 E<\/p>\n","protected":false},"author":2,"featured_media":0,"parent":0,"menu_order":0,"comment_status":"closed","ping_status":"closed","template":"","meta":{"episode_type":"","audio_file":"","podmotor_file_id":"","podmotor_episode_id":"","cover_image":"","cover_image_id":"","duration":"","filesize":"","filesize_raw":"","date_recorded":"","explicit":"","block":"","itunes_episode_number":"","itunes_title":"","itunes_season_number":"","itunes_episode_type":"","footnotes":""},"class_list":["post-1355","page","type-page","status-publish","hentry"],"_links":{"self":[{"href":"https:\/\/servivillas.com\/index.php?rest_route=\/wp\/v2\/pages\/1355","targetHints":{"allow":["GET"]}}],"collection":[{"href":"https:\/\/servivillas.com\/index.php?rest_route=\/wp\/v2\/pages"}],"about":[{"href":"https:\/\/servivillas.com\/index.php?rest_route=\/wp\/v2\/types\/page"}],"author":[{"embeddable":true,"href":"https:\/\/servivillas.com\/index.php?rest_route=\/wp\/v2\/users\/2"}],"replies":[{"embeddable":true,"href":"https:\/\/servivillas.com\/index.php?rest_route=%2Fwp%2Fv2%2Fcomments&post=1355"}],"version-history":[{"count":1,"href":"https:\/\/servivillas.com\/index.php?rest_route=\/wp\/v2\/pages\/1355\/revisions"}],"predecessor-version":[{"id":1358,"href":"https:\/\/servivillas.com\/index.php?rest_route=\/wp\/v2\/pages\/1355\/revisions\/1358"}],"wp:attachment":[{"href":"https:\/\/servivillas.com\/index.php?rest_route=%2Fwp%2Fv2%2Fmedia&parent=1355"}],"curies":[{"name":"wp","href":"https:\/\/api.w.org\/{rel}","templated":true}]}}