{"id":12,"date":"2018-11-27T09:17:28","date_gmt":"2018-11-27T09:17:28","guid":{"rendered":"https:\/\/websitedemos.net\/discover-outdoors\/?page_id=6"},"modified":"2025-10-29T16:19:00","modified_gmt":"2025-10-29T16:19:00","slug":"services","status":"publish","type":"page","link":"https:\/\/servivillas.com\/?page_id=12","title":{"rendered":"SERVICIO DE LAVADO"},"content":{"rendered":"\t\t<div data-elementor-type=\"wp-post\" data-elementor-id=\"12\" class=\"elementor elementor-12\">\n\t\t\t\t\t\t<section class=\"elementor-section elementor-top-section elementor-element elementor-element-32259c2 elementor-section-boxed elementor-section-height-default elementor-section-height-default\" data-id=\"32259c2\" data-element_type=\"section\" data-e-type=\"section\">\n\t\t\t\t\t\t<div class=\"elementor-container elementor-column-gap-default\">\n\t\t\t\t\t<div class=\"elementor-column elementor-col-100 elementor-top-column elementor-element elementor-element-181af00\" data-id=\"181af00\" data-element_type=\"column\" data-e-type=\"column\">\n\t\t\t<div class=\"elementor-widget-wrap elementor-element-populated\">\n\t\t\t\t\t\t<div class=\"elementor-element elementor-element-e3c5b5e elementor-widget elementor-widget-text-editor\" data-id=\"e3c5b5e\" data-element_type=\"widget\" data-e-type=\"widget\" data-widget_type=\"text-editor.default\">\n\t\t\t\t<div class=\"elementor-widget-container\">\n\t\t\t\t\t\t\t\t\t<h4><span lang=\"ES\" style=\"font-size: 14pt; color: #0000ff;\">Tu veh\u00edculo se ensucia por el polvo, mugre, lluvia, \u00e1cidos y agua que hay en las v\u00edas.<\/span><\/h4>\n<h4 class=\"MsoNormal\" style=\"margin-bottom: 6.0pt; line-height: normal;\"><span lang=\"ES\" style=\"font-size: 14pt; color: #0000ff;\">Esta mezcla de suciedad va formando una capa que afecta negativamente la pintura y los acabados de tu veh\u00edculo.<\/span><\/h4>\n<div><span lang=\"ES\" style=\"font-size: 14pt; color: #0000ff;\"> <img fetchpriority=\"high\" decoding=\"async\" class=\"size-medium wp-image-1210 aligncenter\" src=\"http:\/\/servivillas.com\/wp-content\/uploads\/2025\/01\/coches-sucio-300x169.webp\" alt=\"\" width=\"300\" height=\"169\" srcset=\"https:\/\/servivillas.com\/wp-content\/uploads\/2025\/01\/coches-sucio-300x169.webp 300w, https:\/\/servivillas.com\/wp-content\/uploads\/2025\/01\/coches-sucio-1024x576.webp 1024w, https:\/\/servivillas.com\/wp-content\/uploads\/2025\/01\/coches-sucio-768x432.webp 768w, https:\/\/servivillas.com\/wp-content\/uploads\/2025\/01\/coches-sucio.webp 1200w\" sizes=\"(max-width: 300px) 100vw, 300px\" \/><\/span><\/div>\n<h3><span style=\"color: #0000ff;\"><strong>\u00bfEst\u00e1s seguro que la pintura de tu veh\u00edculo est\u00e1 bien protegida?<\/strong><\/span><\/h3>\n<h4><span style=\"color: #0000ff;\">A diferencia de los lavados convencionales hechos con agua y detergentes, nuestro lavado lo hacemos con productos que ayudan a repeler la suciedad y las gotas de lluvia durante m\u00e1s tiempo<\/span><span style=\"color: #0000ff;\">.<\/span><\/h4>\n<p><img decoding=\"async\" class=\"alignnone size-medium wp-image-1197 aligncenter\" src=\"http:\/\/servivillas.com\/wp-content\/uploads\/2025\/01\/lav-2-300x185.jpeg\" alt=\"\" width=\"300\" height=\"185\" srcset=\"https:\/\/servivillas.com\/wp-content\/uploads\/2025\/01\/lav-2-300x185.jpeg 300w, https:\/\/servivillas.com\/wp-content\/uploads\/2025\/01\/lav-2.jpeg 318w\" sizes=\"(max-width: 300px) 100vw, 300px\" \/><\/p>\n<h3><span style=\"color: #0000ff;\"><strong>\u00bfTemeroso de lavar el motor de su carro con agua?<\/strong><\/span><\/h3>\n<h4><span style=\"color: #0000ff;\">Nosotros lavamos el motor de su autom\u00f3vil con un sistema ideal para veh\u00edculos con componentes electr\u00f3nicos muy sensibles al agua, evitando que estos se da\u00f1en.<\/span><\/h4>\n<p><img decoding=\"async\" class=\"alignnone size-full wp-image-1198 aligncenter\" src=\"http:\/\/servivillas.com\/wp-content\/uploads\/2025\/01\/lav-mot-1.jpeg\" alt=\"\" width=\"241\" height=\"180\"><\/p>\n<h3><span style=\"color: #0000ff;\"><strong>Y para limpiar la tapicer\u00eda de su veh\u00edculo\u2026<\/strong><\/span><\/h3>\n<h4><span style=\"color: #0000ff;\">Usamos un producto que evita la aparici\u00f3n de hongos y manchas.<\/span><\/h4>\n<p><img loading=\"lazy\" decoding=\"async\" class=\"alignnone size-medium wp-image-1199 aligncenter\" src=\"http:\/\/servivillas.com\/wp-content\/uploads\/2025\/01\/lav-tap-1-300x119.jpeg\" alt=\"\" width=\"300\" height=\"119\" srcset=\"https:\/\/servivillas.com\/wp-content\/uploads\/2025\/01\/lav-tap-1-300x119.jpeg 300w, https:\/\/servivillas.com\/wp-content\/uploads\/2025\/01\/lav-tap-1.jpeg 415w\" sizes=\"(max-width: 300px) 100vw, 300px\" \/><\/p>\n<h4><span style=\"color: #0000ff;\">Seg\u00fan las condiciones en que opere tu veh\u00edculo, ten en cuenta lo siguiente para cuidar la pintura de tu veh\u00edculo<\/span><\/h4>\n<h4><span style=\"color: #0000ff;\">L\u00e1valo&nbsp;como m\u00ednimo una vez al mes, as\u00ed evitas que la suciedad se le adhiera a la pintura y acabados y proteges tu veh\u00edculo del mugre la capa transparente que cubre la pintura.<\/span><\/h4>\n<div><span style=\"color: #0000ff;\">&nbsp;<\/span><\/div>\n<h2 style=\"text-align: center;\"><span style=\"color: #0000ff;\"><strong><em>En Autocentro Servivillas queremos ayudarte a Proteger la Pintura de tu Veh\u00edculo<\/em><\/strong><\/span><\/h2>\n<h4 style=\"text-align: center;\"><span style=\"color: #0000ff;\">Ven ya a @SERVIVILLAS, en la avenida Boyac\u00e1, de sur a norte, 6O metros antes de la calle 134, y disfruta de nuestro SERVICIO DE LAVADO.<\/span><\/h4>\n<h4 style=\"text-align: center;\"><span style=\"color: #0000ff;\">\u00a1Gracias por confiar en nosotros! Esperamos verte pronto.<\/span><\/h4>\t\t\t\t\t\t\t\t<\/div>\n\t\t\t\t<\/div>\n\t\t\t\t<div class=\"elementor-element elementor-element-fd1bd43 elementor-widget elementor-widget-text-editor\" data-id=\"fd1bd43\" data-element_type=\"widget\" data-e-type=\"widget\" data-widget_type=\"text-editor.default\">\n\t\t\t\t<div class=\"elementor-widget-container\">\n\t\t\t\t\t\t\t\t\t<h2 class=\"wp-block-heading has-text-align-center\">\u00a0<\/h2><div>\u00a0<\/div><p><!-- \/wp:heading --><\/p>\t\t\t\t\t\t\t\t<\/div>\n\t\t\t\t<\/div>\n\t\t\t\t<div class=\"elementor-element elementor-element-b2dd3c2 elementor-widget elementor-widget-text-editor\" data-id=\"b2dd3c2\" data-element_type=\"widget\" data-e-type=\"widget\" data-widget_type=\"text-editor.default\">\n\t\t\t\t<div class=\"elementor-widget-container\">\n\t\t\t\t\t\t\t\t\t<p>\u00a0<\/p><p><!-- \/wp:heading --><\/p><p><!-- wp:heading {\"textAlign\":\"center\"} --><\/p><h2 class=\"wp-block-heading has-text-align-center\">\u00a0<\/h2><div>\u00a0<\/div><p><!-- \/wp:heading --><\/p>\t\t\t\t\t\t\t\t<\/div>\n\t\t\t\t<\/div>\n\t\t\t\t\t<\/div>\n\t\t<\/div>\n\t\t\t\t\t<\/div>\n\t\t<\/section>\n\t\t\t\t<\/div>\n\t\t","protected":false},"excerpt":{"rendered":"<p>Tu veh\u00edculo se ensucia por el polvo, mugre, lluvia, \u00e1cidos y agua que hay en las v\u00edas. Esta mezcla de suciedad va formando una capa que afecta negativamente la pintura y los acabados de tu veh\u00edculo. \u00bfEst\u00e1s seguro que la pintura de tu veh\u00edculo est\u00e1 bien protegida? A diferencia de los lavados convencionales hechos con<span class=\"read-more-faq\"><a href=\"https:\/\/servivillas.com\/?page_id=12\">Read More<\/a><\/span><\/p>\n","protected":false},"author":2,"featured_media":0,"parent":0,"menu_order":1,"comment_status":"closed","ping_status":"closed","template":"","meta":{"episode_type":"","audio_file":"","podmotor_file_id":"","podmotor_episode_id":"","cover_image":"","cover_image_id":"","duration":"","filesize":"","filesize_raw":"","date_recorded":"","explicit":"","block":"","itunes_episode_number":"","itunes_title":"","itunes_season_number":"","itunes_episode_type":"","footnotes":""},"class_list":["post-12","page","type-page","status-publish","hentry"],"_links":{"self":[{"href":"https:\/\/servivillas.com\/index.php?rest_route=\/wp\/v2\/pages\/12","targetHints":{"allow":["GET"]}}],"collection":[{"href":"https:\/\/servivillas.com\/index.php?rest_route=\/wp\/v2\/pages"}],"about":[{"href":"https:\/\/servivillas.com\/index.php?rest_route=\/wp\/v2\/types\/page"}],"author":[{"embeddable":true,"href":"https:\/\/servivillas.com\/index.php?rest_route=\/wp\/v2\/users\/2"}],"replies":[{"embeddable":true,"href":"https:\/\/servivillas.com\/index.php?rest_route=%2Fwp%2Fv2%2Fcomments&post=12"}],"version-history":[{"count":29,"href":"https:\/\/servivillas.com\/index.php?rest_route=\/wp\/v2\/pages\/12\/revisions"}],"predecessor-version":[{"id":1259,"href":"https:\/\/servivillas.com\/index.php?rest_route=\/wp\/v2\/pages\/12\/revisions\/1259"}],"wp:attachment":[{"href":"https:\/\/servivillas.com\/index.php?rest_route=%2Fwp%2Fv2%2Fmedia&parent=12"}],"curies":[{"name":"wp","href":"https:\/\/api.w.org\/{rel}","templated":true}]}}