{"id":1179,"date":"2025-01-11T15:48:41","date_gmt":"2025-01-11T15:48:41","guid":{"rendered":"https:\/\/servivillas.com\/?page_id=1179"},"modified":"2026-02-01T17:58:20","modified_gmt":"2026-02-01T17:58:20","slug":"limpieza-a-vapor-para-tapiceria-de-autos","status":"publish","type":"page","link":"https:\/\/servivillas.com\/?page_id=1179","title":{"rendered":"LIMPIEZA A VAPOR DE TAPICER\u00cdAS"},"content":{"rendered":"\t\t<div data-elementor-type=\"wp-page\" data-elementor-id=\"1179\" class=\"elementor elementor-1179\">\n\t\t\t\t\t\t<section class=\"elementor-section elementor-top-section elementor-element elementor-element-36d83b8 elementor-section-boxed elementor-section-height-default elementor-section-height-default\" data-id=\"36d83b8\" data-element_type=\"section\" data-e-type=\"section\">\n\t\t\t\t\t\t<div class=\"elementor-container elementor-column-gap-default\">\n\t\t\t\t\t<div class=\"elementor-column elementor-col-100 elementor-top-column elementor-element elementor-element-6bdecc98\" data-id=\"6bdecc98\" data-element_type=\"column\" data-e-type=\"column\">\n\t\t\t<div class=\"elementor-widget-wrap elementor-element-populated\">\n\t\t\t\t\t\t<div class=\"elementor-element elementor-element-6ea5f01 elementor-widget elementor-widget-text-editor\" data-id=\"6ea5f01\" data-element_type=\"widget\" data-e-type=\"widget\" data-widget_type=\"text-editor.default\">\n\t\t\t\t<div class=\"elementor-widget-container\">\n\t\t\t\t\t\t\t\t\t\n<h3 class=\"has-text-align-center\"><span style=\"color: #008000;\">\u00a1Dale a tu veh\u00edculo una nueva vida con nuestra limpieza profesional a vapor!<\/span><\/h3>\n<div class=\"wp-block-image\">\n<figure class=\"aligncenter size-full is-resized\"><img fetchpriority=\"high\" decoding=\"async\" width=\"299\" height=\"168\" class=\"wp-image-1180\" style=\"width: 445px; height: auto;\" src=\"http:\/\/servivillas.com\/wp-content\/uploads\/2025\/01\/1-VAP.jpg\" alt=\"\" \/><\/figure>\n<\/div>\n<h3><span style=\"color: #008000;\">\u00bfQu\u00e9 te ofrecemos?<\/span><\/h3>\n\n<ul class=\"wp-block-list\">\n<li>Limpieza profunda de tapicer\u00eda: para devolverle la apariencia original de los asientos, tapetes, carteras y tablero de tu veh\u00edculo.<\/li>\n\n<li>Eliminaci\u00f3n de bacterias y \u00e1caros: el vapor a alta temperatura mata hasta el 99.9% de bacterias y \u00e1caros, asegurando un ambiente m\u00e1s saludable.<\/li>\n\n<li>Eficiencia en la limpieza: el vapor penetra profundamente en las fibras, eliminando manchas y suciedad incrustada.<\/li>\n\n<li>Protecci\u00f3n del acabado: El vapor no da\u00f1a los acabados.<\/li>\n\n<li>Desodorizaci\u00f3n: el vapor elimina malos olores atrapados en la tapicer\u00eda, dejando un ambiente fresco y limpio.<\/li>\n\n<li>Reducci\u00f3n de al\u00e9rgenos: ayuda a reducir los al\u00e9rgenos como el polvo y el polen, mejorando la calidad del aire dentro del coche.<\/li>\n\n<li>Preservaci\u00f3n de materiales: Al no utilizar productos qu\u00edmicos agresivos, se conservan mejor los materiales de la tapicer\u00eda y otros interiores.<\/li>\n<\/ul>\n<div class=\"wp-block-image\">\n<figure class=\"aligncenter size-full is-resized\"><img decoding=\"async\" width=\"254\" height=\"180\" class=\"wp-image-1181\" style=\"width: 408px; height: auto;\" src=\"https:\/\/servivillas.com\/wp-content\/uploads\/2025\/01\/6-VAP.jpg\" alt=\"\" \/><\/figure>\n<\/div>\n<h3><span style=\"color: #008000;\">\u00bfPor qu\u00e9 elegirnos?<\/span><\/h3>\n\n<ul class=\"wp-block-list\">\n<li>Experiencia comprobada: A\u00f1os de experiencia nos avalan como l\u00edderes en el sector.<\/li>\n\n<li>Equipos avanzados: Utilizamos tecnolog\u00eda de \u00faltima generaci\u00f3n para resultados impecables.<\/li>\n\n<li>Personal capacitado: Nuestro equipo est\u00e1 altamente entrenado para garantizar la m\u00e1xima calidad.<\/li>\n\n<li>Cuidado del interior: tratamos con cuidado todas las superficies, incluyendo cuero y tela, para preservar su integridad.<\/li>\n\n<li>Eco-amigable: Nuestro m\u00e9todo de limpieza a vapor minimiza el uso de productos qu\u00edmicos, cuidando del medio ambiente.<\/li>\n<\/ul>\n\n<h3><span style=\"color: #008000;\">Servicios adicionales<\/span><\/h3>\n\n<ul class=\"wp-block-list\">\n<li>Restauraci\u00f3n de cuero: Restaura y nutre el cuero de tu auto para un acabado como nuevo.<\/li>\n<\/ul>\n\n<p>Ven ya a @<strong>SERVIVILLAS<\/strong>, en la avenida Boyac\u00e1, de sur a norte, 60 metros antes de la calle 134, y disfruta de nuestro <span style=\"color: #008000;\"><strong>SERVICIO DE DETALLADO (Detailing) \u2013 LAVADO A VAPOR DE TAPICERIAS &#8211;<\/strong><\/span><\/p>\n\n<h4 style=\"text-align: center;\"><strong><span style=\"color: #008000;\">\u00a1Gracias por confiar en nosotros! Esperamos verte pronto.<\/span><\/strong><\/h4>\n\n<p>\u00a0<\/p>\n\t\t\t\t\t\t\t\t<\/div>\n\t\t\t\t<\/div>\n\t\t\t\t\t<\/div>\n\t\t<\/div>\n\t\t\t\t\t<\/div>\n\t\t<\/section>\n\t\t\t\t<\/div>\n\t\t","protected":false},"excerpt":{"rendered":"<p>\u00a1Dale a tu veh\u00edculo una nueva vida con nuestra limpieza profesional a vapor! \u00bfQu\u00e9 te ofrecemos? \u00bfPor qu\u00e9 elegirnos? Servicios adicionales Ven ya a @SERVIVILLAS, en la avenida Boyac\u00e1, de sur a norte, 60 metros antes de la calle 134, y disfruta de nuestro SERVICIO DE DETALLADO (Detailing) \u2013 LAVADO A VAPOR DE TAPICERIAS &#8211;<span class=\"read-more-faq\"><a href=\"https:\/\/servivillas.com\/?page_id=1179\">Read More<\/a><\/span><\/p>\n","protected":false},"author":2,"featured_media":0,"parent":1058,"menu_order":30,"comment_status":"closed","ping_status":"closed","template":"","meta":{"episode_type":"","audio_file":"","podmotor_file_id":"","podmotor_episode_id":"","cover_image":"","cover_image_id":"","duration":"","filesize":"","filesize_raw":"","date_recorded":"","explicit":"","block":"","itunes_episode_number":"","itunes_title":"","itunes_season_number":"","itunes_episode_type":"","footnotes":""},"class_list":["post-1179","page","type-page","status-publish","hentry"],"_links":{"self":[{"href":"https:\/\/servivillas.com\/index.php?rest_route=\/wp\/v2\/pages\/1179","targetHints":{"allow":["GET"]}}],"collection":[{"href":"https:\/\/servivillas.com\/index.php?rest_route=\/wp\/v2\/pages"}],"about":[{"href":"https:\/\/servivillas.com\/index.php?rest_route=\/wp\/v2\/types\/page"}],"author":[{"embeddable":true,"href":"https:\/\/servivillas.com\/index.php?rest_route=\/wp\/v2\/users\/2"}],"replies":[{"embeddable":true,"href":"https:\/\/servivillas.com\/index.php?rest_route=%2Fwp%2Fv2%2Fcomments&post=1179"}],"version-history":[{"count":8,"href":"https:\/\/servivillas.com\/index.php?rest_route=\/wp\/v2\/pages\/1179\/revisions"}],"predecessor-version":[{"id":1193,"href":"https:\/\/servivillas.com\/index.php?rest_route=\/wp\/v2\/pages\/1179\/revisions\/1193"}],"up":[{"embeddable":true,"href":"https:\/\/servivillas.com\/index.php?rest_route=\/wp\/v2\/pages\/1058"}],"wp:attachment":[{"href":"https:\/\/servivillas.com\/index.php?rest_route=%2Fwp%2Fv2%2Fmedia&parent=1179"}],"curies":[{"name":"wp","href":"https:\/\/api.w.org\/{rel}","templated":true}]}}