{"id":1098,"date":"2024-04-16T16:56:21","date_gmt":"2024-04-16T16:56:21","guid":{"rendered":"https:\/\/servivillas.com\/?page_id=1098"},"modified":"2026-02-01T18:01:22","modified_gmt":"2026-02-01T18:01:22","slug":"alistamiento-externo","status":"publish","type":"page","link":"https:\/\/servivillas.com\/?page_id=1098","title":{"rendered":"Alistamiento externo"},"content":{"rendered":"\n<div class=\"wp-block-group\"><div class=\"wp-block-group__inner-container is-layout-constrained wp-block-group-is-layout-constrained\">\n<div class=\"wp-block-group is-vertical is-layout-flex wp-container-core-group-is-layout-8cf370e7 wp-block-group-is-layout-flex\">\n<p>Para mantener limpio y reluciente tu veh\u00edculo, aumentar tu sentido de bienestar y gozar de una sensaci\u00f3n de satisfacci\u00f3n al conducir tu veh\u00edculo bien cuidado<\/p>\n\n\n\n<p><em><mark style=\"background-color:rgba(0, 0, 0, 0)\" class=\"has-inline-color has-vivid-cyan-blue-color\"><strong>Polichada<\/strong><\/mark><\/em><\/p>\n\n\n\n<p>Descontaminaci\u00f3n de la pintura de tu veh\u00edculo, volumen de brillo y eliminado de rayas<\/p>\n\n\n\n<p><strong><em><mark style=\"background-color:rgba(0, 0, 0, 0)\" class=\"has-inline-color has-vivid-cyan-blue-color\">Cer\u00e1mica<\/mark><\/em><\/strong><\/p>\n\n\n\n<p>Protecci\u00f3n de rayos de sol, repelencia continua al agua de tu veh\u00edculo.<\/p>\n\n\n\n<p><em><strong><mark style=\"background-color:rgba(0, 0, 0, 0)\" class=\"has-inline-color has-vivid-cyan-blue-color\">Encerada<\/mark><\/strong><\/em><\/p>\n\n\n\n<p>Brinda suavidad a la lata, da volumen de brillo a tu veh\u00edculo<\/p>\n\n\n\n<p><mark style=\"background-color:rgba(0, 0, 0, 0)\" class=\"has-inline-color has-vivid-cyan-blue-color\"><strong><em>Farolas \u2013 stops<\/em><\/strong><\/mark><\/p>\n\n\n\n<p>Se descontamina con producto Plastk de Meguiars, que brinda mejor claridad y mayor iluminaci\u00f3n a tu veh\u00edculo<\/p>\n\n\n\n<p><strong><em><mark style=\"background-color:rgba(0, 0, 0, 0)\" class=\"has-inline-color has-vivid-cyan-blue-color\">Partes negras<\/mark><\/em><\/strong><\/p>\n\n\n\n<p>Se le aplica un producto Trim Detailer que realza el acabado y brinda protecci\u00f3n contra mugre y agua de tu veh\u00edculo<\/p>\n<\/div>\n<\/div><\/div>\n\n\n\n<figure class=\"wp-block-image size-large\"><img fetchpriority=\"high\" decoding=\"async\" width=\"1024\" height=\"764\" src=\"https:\/\/servivillas.com\/wp-content\/uploads\/2024\/04\/CER-AZUL1-1024x764.jpg\" alt=\"\" class=\"wp-image-1099\" srcset=\"https:\/\/servivillas.com\/wp-content\/uploads\/2024\/04\/CER-AZUL1-1024x764.jpg 1024w, https:\/\/servivillas.com\/wp-content\/uploads\/2024\/04\/CER-AZUL1-300x224.jpg 300w, https:\/\/servivillas.com\/wp-content\/uploads\/2024\/04\/CER-AZUL1-768x573.jpg 768w, https:\/\/servivillas.com\/wp-content\/uploads\/2024\/04\/CER-AZUL1.jpg 1080w\" sizes=\"(max-width: 1024px) 100vw, 1024px\" \/><\/figure>\n\n\n\n<figure class=\"wp-block-image size-large\"><img decoding=\"async\" width=\"1024\" height=\"777\" src=\"https:\/\/servivillas.com\/wp-content\/uploads\/2024\/04\/CER-AZUL2-1024x777.jpg\" alt=\"\" class=\"wp-image-1100\" srcset=\"https:\/\/servivillas.com\/wp-content\/uploads\/2024\/04\/CER-AZUL2-1024x777.jpg 1024w, https:\/\/servivillas.com\/wp-content\/uploads\/2024\/04\/CER-AZUL2-300x228.jpg 300w, https:\/\/servivillas.com\/wp-content\/uploads\/2024\/04\/CER-AZUL2-768x582.jpg 768w, https:\/\/servivillas.com\/wp-content\/uploads\/2024\/04\/CER-AZUL2.jpg 1080w\" sizes=\"(max-width: 1024px) 100vw, 1024px\" \/><\/figure>\n","protected":false},"excerpt":{"rendered":"<p>Para mantener limpio y reluciente tu veh\u00edculo, aumentar tu sentido de bienestar y gozar de una sensaci\u00f3n de satisfacci\u00f3n al conducir tu veh\u00edculo bien cuidado Polichada Descontaminaci\u00f3n de la pintura de tu veh\u00edculo, volumen de brillo y eliminado de rayas Cer\u00e1mica Protecci\u00f3n de rayos de sol, repelencia continua al agua de tu veh\u00edculo. Encerada Brinda<span class=\"read-more-faq\"><a href=\"https:\/\/servivillas.com\/?page_id=1098\">Read More<\/a><\/span><\/p>\n","protected":false},"author":2,"featured_media":0,"parent":1051,"menu_order":10,"comment_status":"closed","ping_status":"closed","template":"","meta":{"episode_type":"","audio_file":"","podmotor_file_id":"","podmotor_episode_id":"","cover_image":"","cover_image_id":"","duration":"","filesize":"","filesize_raw":"","date_recorded":"","explicit":"","block":"","itunes_episode_number":"","itunes_title":"","itunes_season_number":"","itunes_episode_type":"","footnotes":""},"class_list":["post-1098","page","type-page","status-publish","hentry"],"_links":{"self":[{"href":"https:\/\/servivillas.com\/index.php?rest_route=\/wp\/v2\/pages\/1098","targetHints":{"allow":["GET"]}}],"collection":[{"href":"https:\/\/servivillas.com\/index.php?rest_route=\/wp\/v2\/pages"}],"about":[{"href":"https:\/\/servivillas.com\/index.php?rest_route=\/wp\/v2\/types\/page"}],"author":[{"embeddable":true,"href":"https:\/\/servivillas.com\/index.php?rest_route=\/wp\/v2\/users\/2"}],"replies":[{"embeddable":true,"href":"https:\/\/servivillas.com\/index.php?rest_route=%2Fwp%2Fv2%2Fcomments&post=1098"}],"version-history":[{"count":1,"href":"https:\/\/servivillas.com\/index.php?rest_route=\/wp\/v2\/pages\/1098\/revisions"}],"predecessor-version":[{"id":1101,"href":"https:\/\/servivillas.com\/index.php?rest_route=\/wp\/v2\/pages\/1098\/revisions\/1101"}],"up":[{"embeddable":true,"href":"https:\/\/servivillas.com\/index.php?rest_route=\/wp\/v2\/pages\/1051"}],"wp:attachment":[{"href":"https:\/\/servivillas.com\/index.php?rest_route=%2Fwp%2Fv2%2Fmedia&parent=1098"}],"curies":[{"name":"wp","href":"https:\/\/api.w.org\/{rel}","templated":true}]}}